{"id":64,"date":"2025-01-31T14:25:29","date_gmt":"2025-01-31T14:25:29","guid":{"rendered":"https:\/\/cmsimple.nl\/?page_id=64"},"modified":"2025-01-31T14:25:30","modified_gmt":"2025-01-31T14:25:30","slug":"contact","status":"publish","type":"page","link":"https:\/\/cmsimple.nl\/ro\/contact\/","title":{"rendered":"Contact"},"content":{"rendered":"<p>Bine a\u021bi venit la <strong>CMSimple.nl<\/strong>. Suntem gata s\u0103 r\u0103spundem la \u00eentreb\u0103rile dumneavoastr\u0103 \u0219i s\u0103 primim sugestiile dumneavoastr\u0103. Indiferent dac\u0103 sunte\u021bi \u00een c\u0103utarea unor informa\u021bii despre produsele noastre, ave\u021bi nevoie de asisten\u021b\u0103 sau ave\u021bi o idee de \u00eemp\u0103rt\u0103\u0219it, nu ezita\u021bi s\u0103 ne contacta\u021bi.<\/p>\n<h2>E-mail<\/h2>\n<p>V\u0103 rug\u0103m s\u0103 trimite\u021bi \u00eentreb\u0103rile sau comentariile dumneavoastr\u0103 c\u0103tre <a href=\"mailto:contact@cmsimple.nl\">contact@cmsimple.nl<\/a>. \u00cencerc\u0103m s\u0103 r\u0103spundem la toate mesajele \u00een termen de 24 de ore.<\/p>\n<h2>Formular de feedback<\/h2>\n<p>Dori\u021bi s\u0103 ne contacta\u021bi direct? V\u0103 rug\u0103m s\u0103 completa\u021bi formularul de mai jos \u0219i v\u0103 vom contacta c\u00e2t mai cur\u00e2nd posibil.<\/p>\n<form action=\"\/ro\/verzenden\/\" method=\"post\" data-trp-original-action=\"\/verzenden\">\n        <label for=\"naam\">Nume:<\/label><br \/>\n        <input type=\"text\" id=\"naam\" name=\"naam\" required><\/p>\n<p>        <label for=\"email\">E-mail:<\/label><br \/>\n        <input type=\"email\" id=\"email\" name=\"email\" required><\/p>\n<p>        <label for=\"onderwerp\">Subiect:<\/label><br \/>\n        <input type=\"text\" id=\"\"onderwerp\" name=\"onderwerp\" required><\/p>\n<p>        <label for=\"bericht\">Mesaj:<\/label><br \/>\n        <textarea id=\"bericht\" name=\"bericht\" rows=\"5\" required><\/textarea><\/p>\n<p>        <button type=\"submit\">Trimite<\/button><br \/>\n    <input type=\"hidden\" name=\"trp-form-language\" value=\"ro\"\/><\/form>","protected":false},"excerpt":{"rendered":"<p>Welkom bij CMSimple.nl. Wij staan klaar om je vragen te beantwoorden en je suggesties te ontvangen. Of je nu informatie zoekt over onze producten, hulp nodig hebt, of een idee wilt delen, aarzel niet om contact met ons op te nemen. E-mail Stuur je vragen of opmerkingen naar contact@cmsimple.nl. Wij proberen alle berichten binnen 24 uur te beantwoorden. Feedbackformulier Wil je direct contact opnemen? Vul onderstaand formulier in en wij nemen zo snel mogelijk contact met je op. Naam: E-mail: Onderwerp:<\/p>","protected":false},"author":1,"featured_media":0,"parent":0,"menu_order":0,"comment_status":"closed","ping_status":"closed","template":"","meta":{"_acf_changed":false,"footnotes":""},"class_list":["post-64","page","type-page","status-publish","hentry"],"acf":[],"yoast_head":"<!-- This site is optimized with the Yoast SEO plugin v24.3 - https:\/\/yoast.com\/wordpress\/plugins\/seo\/ -->\n<title>Contact - cmsimple.nl<\/title>\n<meta name=\"robots\" content=\"index, follow, max-snippet:-1, max-image-preview:large, max-video-preview:-1\" \/>\n<link rel=\"canonical\" href=\"https:\/\/cmsimple.nl\/ro\/contact\/\" \/>\n<meta property=\"og:locale\" content=\"ro_RO\" \/>\n<meta property=\"og:type\" content=\"article\" \/>\n<meta property=\"og:title\" content=\"Contact - cmsimple.nl\" \/>\n<meta property=\"og:description\" content=\"Welkom bij CMSimple.nl. Wij staan klaar om je vragen te beantwoorden en je suggesties te ontvangen. Of je nu informatie zoekt over onze producten, hulp nodig hebt, of een idee wilt delen, aarzel niet om contact met ons op te nemen. E-mail Stuur je vragen of opmerkingen naar contact@cmsimple.nl. Wij proberen alle berichten binnen 24 uur te beantwoorden. Feedbackformulier Wil je direct contact opnemen? Vul onderstaand formulier in en wij nemen zo snel mogelijk contact met je op. Naam: E-mail: Onderwerp:\" \/>\n<meta property=\"og:url\" content=\"https:\/\/cmsimple.nl\/ro\/contact\/\" \/>\n<meta property=\"og:site_name\" content=\"cmsimple.nl\" \/>\n<meta property=\"article:modified_time\" content=\"2025-01-31T14:25:30+00:00\" \/>\n<meta name=\"twitter:card\" content=\"summary_large_image\" \/>\n<meta name=\"twitter:label1\" content=\"Timp estimat pentru citire\" \/>\n\t<meta name=\"twitter:data1\" content=\"1 minut\" \/>\n<script type=\"application\/ld+json\" class=\"yoast-schema-graph\">{\"@context\":\"https:\/\/schema.org\",\"@graph\":[{\"@type\":\"WebPage\",\"@id\":\"https:\/\/cmsimple.nl\/contact\/\",\"url\":\"https:\/\/cmsimple.nl\/contact\/\",\"name\":\"Contact - cmsimple.nl\",\"isPartOf\":{\"@id\":\"https:\/\/cmsimple.nl\/#website\"},\"datePublished\":\"2025-01-31T14:25:29+00:00\",\"dateModified\":\"2025-01-31T14:25:30+00:00\",\"breadcrumb\":{\"@id\":\"https:\/\/cmsimple.nl\/contact\/#breadcrumb\"},\"inLanguage\":\"ro-RO\",\"potentialAction\":[{\"@type\":\"ReadAction\",\"target\":[\"https:\/\/cmsimple.nl\/contact\/\"]}]},{\"@type\":\"BreadcrumbList\",\"@id\":\"https:\/\/cmsimple.nl\/contact\/#breadcrumb\",\"itemListElement\":[{\"@type\":\"ListItem\",\"position\":1,\"name\":\"Home\",\"item\":\"https:\/\/cmsimple.nl\/\"},{\"@type\":\"ListItem\",\"position\":2,\"name\":\"Contact\"}]},{\"@type\":\"WebSite\",\"@id\":\"https:\/\/cmsimple.nl\/#website\",\"url\":\"https:\/\/cmsimple.nl\/\",\"name\":\"cmsimple.nl\",\"description\":\"Trends, Stijltips &amp; Inspiratie\",\"potentialAction\":[{\"@type\":\"SearchAction\",\"target\":{\"@type\":\"EntryPoint\",\"urlTemplate\":\"https:\/\/cmsimple.nl\/?s={search_term_string}\"},\"query-input\":{\"@type\":\"PropertyValueSpecification\",\"valueRequired\":true,\"valueName\":\"search_term_string\"}}],\"inLanguage\":\"ro-RO\"}]}<\/script>\n<!-- \/ Yoast SEO plugin. -->","yoast_head_json":{"title":"Contact - cmsimple.nl","robots":{"index":"index","follow":"follow","max-snippet":"max-snippet:-1","max-image-preview":"max-image-preview:large","max-video-preview":"max-video-preview:-1"},"canonical":"https:\/\/cmsimple.nl\/ro\/contact\/","og_locale":"ro_RO","og_type":"article","og_title":"Contact - cmsimple.nl","og_description":"Welkom bij CMSimple.nl. Wij staan klaar om je vragen te beantwoorden en je suggesties te ontvangen. Of je nu informatie zoekt over onze producten, hulp nodig hebt, of een idee wilt delen, aarzel niet om contact met ons op te nemen. E-mail Stuur je vragen of opmerkingen naar contact@cmsimple.nl. Wij proberen alle berichten binnen 24 uur te beantwoorden. Feedbackformulier Wil je direct contact opnemen? Vul onderstaand formulier in en wij nemen zo snel mogelijk contact met je op. Naam: E-mail: Onderwerp:","og_url":"https:\/\/cmsimple.nl\/ro\/contact\/","og_site_name":"cmsimple.nl","article_modified_time":"2025-01-31T14:25:30+00:00","twitter_card":"summary_large_image","twitter_misc":{"Timp estimat pentru citire":"1 minut"},"schema":{"@context":"https:\/\/schema.org","@graph":[{"@type":"WebPage","@id":"https:\/\/cmsimple.nl\/contact\/","url":"https:\/\/cmsimple.nl\/contact\/","name":"Contact - cmsimple.nl","isPartOf":{"@id":"https:\/\/cmsimple.nl\/#website"},"datePublished":"2025-01-31T14:25:29+00:00","dateModified":"2025-01-31T14:25:30+00:00","breadcrumb":{"@id":"https:\/\/cmsimple.nl\/contact\/#breadcrumb"},"inLanguage":"ro-RO","potentialAction":[{"@type":"ReadAction","target":["https:\/\/cmsimple.nl\/contact\/"]}]},{"@type":"BreadcrumbList","@id":"https:\/\/cmsimple.nl\/contact\/#breadcrumb","itemListElement":[{"@type":"ListItem","position":1,"name":"Home","item":"https:\/\/cmsimple.nl\/"},{"@type":"ListItem","position":2,"name":"Contact"}]},{"@type":"WebSite","@id":"https:\/\/cmsimple.nl\/#website","url":"https:\/\/cmsimple.nl\/","name":"cmsimple.nl","description":"Trends, Stijltips &amp; Inspiratie","potentialAction":[{"@type":"SearchAction","target":{"@type":"EntryPoint","urlTemplate":"https:\/\/cmsimple.nl\/?s={search_term_string}"},"query-input":{"@type":"PropertyValueSpecification","valueRequired":true,"valueName":"search_term_string"}}],"inLanguage":"ro-RO"}]}},"yoast_meta":{"yoast_wpseo_title":"","yoast_wpseo_metadesc":"","yoast_wpseo_canonical":"https:\/\/cmsimple.nl\/ro\/wp-json\/wp\/v2\/pages\/64"},"_links":{"self":[{"href":"https:\/\/cmsimple.nl\/ro\/wp-json\/wp\/v2\/pages\/64","targetHints":{"allow":["GET"]}}],"collection":[{"href":"https:\/\/cmsimple.nl\/ro\/wp-json\/wp\/v2\/pages"}],"about":[{"href":"https:\/\/cmsimple.nl\/ro\/wp-json\/wp\/v2\/types\/page"}],"author":[{"embeddable":true,"href":"https:\/\/cmsimple.nl\/ro\/wp-json\/wp\/v2\/users\/1"}],"replies":[{"embeddable":true,"href":"https:\/\/cmsimple.nl\/ro\/wp-json\/wp\/v2\/comments?post=64"}],"version-history":[{"count":1,"href":"https:\/\/cmsimple.nl\/ro\/wp-json\/wp\/v2\/pages\/64\/revisions"}],"predecessor-version":[{"id":65,"href":"https:\/\/cmsimple.nl\/ro\/wp-json\/wp\/v2\/pages\/64\/revisions\/65"}],"wp:attachment":[{"href":"https:\/\/cmsimple.nl\/ro\/wp-json\/wp\/v2\/media?parent=64"}],"curies":[{"name":"wp","href":"https:\/\/api.w.org\/{rel}","templated":true}]}}