{"id":44,"date":"2025-01-31T14:08:59","date_gmt":"2025-01-31T14:08:59","guid":{"rendered":"https:\/\/cmsimple.nl\/?page_id=44"},"modified":"2025-01-31T14:09:00","modified_gmt":"2025-01-31T14:09:00","slug":"over-ons","status":"publish","type":"page","link":"https:\/\/cmsimple.nl\/ro\/over-ons\/","title":{"rendered":"Despre noi"},"content":{"rendered":"<p>Bine a\u021bi venit la <strong>CMSimple.nl<\/strong>, platforma online pentru iubitorii de mod\u0103! \u00ce\u021bi aducem cele mai recente tendin\u021be, sfaturi de stil \u0219i articole inspira\u021bionale despre mod\u0103. Indiferent dac\u0103 sunte\u021bi \u00een c\u0103utarea unor articole obligatorii de sezon sau a unor clasice atemporale, a\u021bi ajuns la locul potrivit.<\/p>\n<p><img loading=\"lazy\" decoding=\"async\" class=\"aligncenter wp-image-45 size-full\" src=\"https:\/\/cmsimple.nl\/wp-content\/uploads\/2025\/01\/photo-new.jpg\" alt=\"\" width=\"612\" height=\"407\" srcset=\"https:\/\/cmsimple.nl\/wp-content\/uploads\/2025\/01\/photo-new.jpg 612w, https:\/\/cmsimple.nl\/wp-content\/uploads\/2025\/01\/photo-new-300x200.jpg 300w\" sizes=\"auto, (max-width: 612px) 100vw, 612px\" \/><\/p>\n<h2>La ce s\u0103 te a\u0219tep\u021bi<\/h2>\n<ul>\n<li>Actualiz\u0103ri zilnice despre tendin\u021bele modei \u0219i sfaturi de stil<\/li>\n<li>Recenzii ale m\u0103rcilor \u0219i colec\u021biilor de \u00eembr\u0103c\u0103minte populare<\/li>\n<li>Articole inspira\u021bionale despre sustenabilitate \u0219i mod\u0103 etic\u0103<\/li>\n<li>Ghiduri pentru a crea \u021binuta perfect\u0103<\/li>\n<li>Interviuri exclusive cu exper\u021bi \u0219i designeri de mod\u0103<\/li>\n<\/ul>\n<p>Misiunea noastr\u0103 este s\u0103 te inspir\u0103m \u0219i s\u0103 te ajut\u0103m s\u0103-\u021bi g\u0103se\u0219ti propriul stil. Urm\u0103re\u0219te-ne \u0219i fii mereu la curent cu cele mai recente nout\u0103\u021bi din lumea modei!<\/p>","protected":false},"excerpt":{"rendered":"<p>Welkom bij CMSimple.nl, h\u00e9t online platform voor modeliefhebbers! Wij brengen je de laatste trends, stijltips en inspirerende artikelen over mode. Of je nu op zoek bent naar seizoensgebonden must-haves of tijdloze klassiekers, bij ons ben je aan het juiste adres. Wat je kunt verwachten Dagelijkse updates over modetrends en stylingtips Reviews van populaire kledingmerken en collecties Inspirerende artikelen over duurzaamheid en ethische mode Gidsen voor het samenstellen van de perfecte outfit Exclusieve interviews met mode-experts en ontwerpers Onze missie is om je te inspireren en te helpen bij het vinden van je eigen stijl. Volg ons en blijf altijd op de hoogte van de nieuwste ontwikkelingen in de modewereld!<\/p>","protected":false},"author":1,"featured_media":0,"parent":0,"menu_order":0,"comment_status":"closed","ping_status":"closed","template":"","meta":{"_acf_changed":false,"footnotes":""},"class_list":["post-44","page","type-page","status-publish","hentry"],"acf":[],"yoast_head":"<!-- This site is optimized with the Yoast SEO plugin v24.3 - https:\/\/yoast.com\/wordpress\/plugins\/seo\/ -->\n<title>Over ons - cmsimple.nl<\/title>\n<meta name=\"description\" content=\"Ontdek CMSimple.nl, jouw modeblog met de laatste trends, stijladvies en inspirerende artikelen over fashion &amp; stijl.\" \/>\n<meta name=\"robots\" content=\"index, follow, max-snippet:-1, max-image-preview:large, max-video-preview:-1\" \/>\n<link rel=\"canonical\" href=\"https:\/\/cmsimple.nl\/ro\/over-ons\/\" \/>\n<meta property=\"og:locale\" content=\"ro_RO\" \/>\n<meta property=\"og:type\" content=\"article\" \/>\n<meta property=\"og:title\" content=\"Over ons - cmsimple.nl\" \/>\n<meta property=\"og:description\" content=\"Ontdek CMSimple.nl, jouw modeblog met de laatste trends, stijladvies en inspirerende artikelen over fashion &amp; stijl.\" \/>\n<meta property=\"og:url\" content=\"https:\/\/cmsimple.nl\/ro\/over-ons\/\" \/>\n<meta property=\"og:site_name\" content=\"cmsimple.nl\" \/>\n<meta property=\"article:modified_time\" content=\"2025-01-31T14:09:00+00:00\" \/>\n<meta property=\"og:image\" content=\"https:\/\/cmsimple.nl\/wp-content\/uploads\/2025\/01\/photo-new.jpg\" \/>\n\t<meta property=\"og:image:width\" content=\"612\" \/>\n\t<meta property=\"og:image:height\" content=\"407\" \/>\n\t<meta property=\"og:image:type\" content=\"image\/jpeg\" \/>\n<meta name=\"twitter:card\" content=\"summary_large_image\" \/>\n<meta name=\"twitter:label1\" content=\"Timp estimat pentru citire\" \/>\n\t<meta name=\"twitter:data1\" content=\"1 minut\" \/>\n<script type=\"application\/ld+json\" class=\"yoast-schema-graph\">{\"@context\":\"https:\/\/schema.org\",\"@graph\":[{\"@type\":\"WebPage\",\"@id\":\"https:\/\/cmsimple.nl\/over-ons\/\",\"url\":\"https:\/\/cmsimple.nl\/over-ons\/\",\"name\":\"Over ons - cmsimple.nl\",\"isPartOf\":{\"@id\":\"https:\/\/cmsimple.nl\/#website\"},\"primaryImageOfPage\":{\"@id\":\"https:\/\/cmsimple.nl\/over-ons\/#primaryimage\"},\"image\":{\"@id\":\"https:\/\/cmsimple.nl\/over-ons\/#primaryimage\"},\"thumbnailUrl\":\"https:\/\/cmsimple.nl\/wp-content\/uploads\/2025\/01\/photo-new.jpg\",\"datePublished\":\"2025-01-31T14:08:59+00:00\",\"dateModified\":\"2025-01-31T14:09:00+00:00\",\"description\":\"Ontdek CMSimple.nl, jouw modeblog met de laatste trends, stijladvies en inspirerende artikelen over fashion & stijl.\",\"breadcrumb\":{\"@id\":\"https:\/\/cmsimple.nl\/over-ons\/#breadcrumb\"},\"inLanguage\":\"ro-RO\",\"potentialAction\":[{\"@type\":\"ReadAction\",\"target\":[\"https:\/\/cmsimple.nl\/over-ons\/\"]}]},{\"@type\":\"ImageObject\",\"inLanguage\":\"ro-RO\",\"@id\":\"https:\/\/cmsimple.nl\/over-ons\/#primaryimage\",\"url\":\"https:\/\/cmsimple.nl\/wp-content\/uploads\/2025\/01\/photo-new.jpg\",\"contentUrl\":\"https:\/\/cmsimple.nl\/wp-content\/uploads\/2025\/01\/photo-new.jpg\"},{\"@type\":\"BreadcrumbList\",\"@id\":\"https:\/\/cmsimple.nl\/over-ons\/#breadcrumb\",\"itemListElement\":[{\"@type\":\"ListItem\",\"position\":1,\"name\":\"Home\",\"item\":\"https:\/\/cmsimple.nl\/\"},{\"@type\":\"ListItem\",\"position\":2,\"name\":\"Over ons\"}]},{\"@type\":\"WebSite\",\"@id\":\"https:\/\/cmsimple.nl\/#website\",\"url\":\"https:\/\/cmsimple.nl\/\",\"name\":\"cmsimple.nl\",\"description\":\"Trends, Stijltips &amp; Inspiratie\",\"potentialAction\":[{\"@type\":\"SearchAction\",\"target\":{\"@type\":\"EntryPoint\",\"urlTemplate\":\"https:\/\/cmsimple.nl\/?s={search_term_string}\"},\"query-input\":{\"@type\":\"PropertyValueSpecification\",\"valueRequired\":true,\"valueName\":\"search_term_string\"}}],\"inLanguage\":\"ro-RO\"}]}<\/script>\n<!-- \/ Yoast SEO plugin. -->","yoast_head_json":{"title":"Over ons - cmsimple.nl","description":"Ontdek CMSimple.nl, jouw modeblog met de laatste trends, stijladvies en inspirerende artikelen over fashion & stijl.","robots":{"index":"index","follow":"follow","max-snippet":"max-snippet:-1","max-image-preview":"max-image-preview:large","max-video-preview":"max-video-preview:-1"},"canonical":"https:\/\/cmsimple.nl\/ro\/over-ons\/","og_locale":"ro_RO","og_type":"article","og_title":"Over ons - cmsimple.nl","og_description":"Ontdek CMSimple.nl, jouw modeblog met de laatste trends, stijladvies en inspirerende artikelen over fashion & stijl.","og_url":"https:\/\/cmsimple.nl\/ro\/over-ons\/","og_site_name":"cmsimple.nl","article_modified_time":"2025-01-31T14:09:00+00:00","og_image":[{"width":612,"height":407,"url":"https:\/\/cmsimple.nl\/wp-content\/uploads\/2025\/01\/photo-new.jpg","type":"image\/jpeg"}],"twitter_card":"summary_large_image","twitter_misc":{"Timp estimat pentru citire":"1 minut"},"schema":{"@context":"https:\/\/schema.org","@graph":[{"@type":"WebPage","@id":"https:\/\/cmsimple.nl\/over-ons\/","url":"https:\/\/cmsimple.nl\/over-ons\/","name":"Over ons - cmsimple.nl","isPartOf":{"@id":"https:\/\/cmsimple.nl\/#website"},"primaryImageOfPage":{"@id":"https:\/\/cmsimple.nl\/over-ons\/#primaryimage"},"image":{"@id":"https:\/\/cmsimple.nl\/over-ons\/#primaryimage"},"thumbnailUrl":"https:\/\/cmsimple.nl\/wp-content\/uploads\/2025\/01\/photo-new.jpg","datePublished":"2025-01-31T14:08:59+00:00","dateModified":"2025-01-31T14:09:00+00:00","description":"Ontdek CMSimple.nl, jouw modeblog met de laatste trends, stijladvies en inspirerende artikelen over fashion & stijl.","breadcrumb":{"@id":"https:\/\/cmsimple.nl\/over-ons\/#breadcrumb"},"inLanguage":"ro-RO","potentialAction":[{"@type":"ReadAction","target":["https:\/\/cmsimple.nl\/over-ons\/"]}]},{"@type":"ImageObject","inLanguage":"ro-RO","@id":"https:\/\/cmsimple.nl\/over-ons\/#primaryimage","url":"https:\/\/cmsimple.nl\/wp-content\/uploads\/2025\/01\/photo-new.jpg","contentUrl":"https:\/\/cmsimple.nl\/wp-content\/uploads\/2025\/01\/photo-new.jpg"},{"@type":"BreadcrumbList","@id":"https:\/\/cmsimple.nl\/over-ons\/#breadcrumb","itemListElement":[{"@type":"ListItem","position":1,"name":"Home","item":"https:\/\/cmsimple.nl\/"},{"@type":"ListItem","position":2,"name":"Over ons"}]},{"@type":"WebSite","@id":"https:\/\/cmsimple.nl\/#website","url":"https:\/\/cmsimple.nl\/","name":"cmsimple.nl","description":"Trends, Stijltips &amp; Inspiratie","potentialAction":[{"@type":"SearchAction","target":{"@type":"EntryPoint","urlTemplate":"https:\/\/cmsimple.nl\/?s={search_term_string}"},"query-input":{"@type":"PropertyValueSpecification","valueRequired":true,"valueName":"search_term_string"}}],"inLanguage":"ro-RO"}]}},"yoast_meta":{"yoast_wpseo_title":"","yoast_wpseo_metadesc":"","yoast_wpseo_canonical":"https:\/\/cmsimple.nl\/ro\/wp-json\/wp\/v2\/pages\/44"},"_links":{"self":[{"href":"https:\/\/cmsimple.nl\/ro\/wp-json\/wp\/v2\/pages\/44","targetHints":{"allow":["GET"]}}],"collection":[{"href":"https:\/\/cmsimple.nl\/ro\/wp-json\/wp\/v2\/pages"}],"about":[{"href":"https:\/\/cmsimple.nl\/ro\/wp-json\/wp\/v2\/types\/page"}],"author":[{"embeddable":true,"href":"https:\/\/cmsimple.nl\/ro\/wp-json\/wp\/v2\/users\/1"}],"replies":[{"embeddable":true,"href":"https:\/\/cmsimple.nl\/ro\/wp-json\/wp\/v2\/comments?post=44"}],"version-history":[{"count":1,"href":"https:\/\/cmsimple.nl\/ro\/wp-json\/wp\/v2\/pages\/44\/revisions"}],"predecessor-version":[{"id":46,"href":"https:\/\/cmsimple.nl\/ro\/wp-json\/wp\/v2\/pages\/44\/revisions\/46"}],"wp:attachment":[{"href":"https:\/\/cmsimple.nl\/ro\/wp-json\/wp\/v2\/media?parent=44"}],"curies":[{"name":"wp","href":"https:\/\/api.w.org\/{rel}","templated":true}]}}